{"id":407,"date":"2024-06-11T12:42:21","date_gmt":"2024-06-11T12:42:21","guid":{"rendered":"https:\/\/www.studio.eklozia.fr\/asfmetal\/about\/"},"modified":"2024-08-19T17:05:55","modified_gmt":"2024-08-19T17:05:55","slug":"expert-metallerie-sur-mesure","status":"publish","type":"page","link":"https:\/\/www.studio.eklozia.fr\/asfmetal\/expert-metallerie-sur-mesure\/","title":{"rendered":"Votre expert en m\u00e9tallerie sur-mesure"},"content":{"rendered":"\n<div class=\"wp-block-uagb-container uagb-block-733015c0 alignfull uagb-is-root-container\"><div class=\"uagb-container-inner-blocks-wrap\">\n<div class=\"wp-block-uagb-advanced-heading uagb-block-828cda57\"><h1 class=\"uagb-heading-text\">Votre expert en m\u00e9tallerie sur-mesure<\/h1><\/div>\n<\/div><\/div>\n\n\n\n<div class=\"wp-block-uagb-container uagb-block-edfb1f2b alignfull uagb-is-root-container\"><div class=\"uagb-container-inner-blocks-wrap\">\n<div class=\"wp-block-uagb-container uagb-block-89332f7e\">\n<div class=\"wp-block-uagb-advanced-heading uagb-block-dd815bb7\"><h6 class=\"uagb-heading-text\">En quelques mots<\/h6><div class=\"uagb-separator\"><\/div><\/div>\n\n\n\n<div class=\"wp-block-uagb-advanced-heading uagb-block-0c68d674\"><h2 class=\"uagb-heading-text\">Qui est ASF M\u00e9tal ?<\/h2><p class=\"uagb-desc-text\">Fond\u00e9e en 2004 par Ludovic Regazzoni, ASF M\u00e9tal est sp\u00e9cialis\u00e9e en Agencement, Serrurerie et Ferronnerie. Bas\u00e9e \u00e0 Besan\u00e7on, notre entreprise a d\u00e9velopp\u00e9 son expertise dans le travail des m\u00e9taux (acier, inox, bronze, cuivre, aluminium\u2026).<br>\u00c0 la fois traditionnelles et techniquement innovantes, nos cr\u00e9ations rel\u00e8vent de 5 domaines principaux : la m\u00e9tallerie-serrurerie, la menuiserie m\u00e9tallique, l\u2019agencement-d\u00e9coration, la ferronnerie et la construction m\u00e9tallique.<\/p><\/div>\n\n\n\n<div class=\"wp-block-uagb-container uagb-block-17f58fde\">\n<div class=\"wp-block-uagb-container uagb-block-75bf4180\">      \n\t\t\t<div class=\"uagb-icon-wrapper uagb-block-540db96e  \"\t>\n\t\t\t\t\t\t\t\t\t<span class=\"uagb-svg-wrapper\" \n\t\t\t\t\t aria-label=\"right-long\"\t\t\t\t\ttabindex=\"0\">\t\t\n\t\t\t\t\t\t\t\t\t\t<svg xmlns=\"https:\/\/www.w3.org\/2000\/svg\" viewBox= \"0 0 512 512\" role=\"graphics-symbol\" aria-hidden=\"false\" aria-label=\"\"><path d=\"M504.3 273.6l-112.1 104c-6.992 6.484-17.18 8.218-25.94 4.406c-8.758-3.812-14.42-12.45-14.42-21.1L351.9 288H32C14.33 288 .0002 273.7 .0002 255.1S14.33 224 32 224h319.9l0-72c0-9.547 5.66-18.19 14.42-22c8.754-3.809 18.95-2.075 25.94 4.41l112.1 104C514.6 247.9 514.6 264.1 504.3 273.6z\"><\/path><\/svg>\n\t\t\t\t\t\t\t\t\t<\/span>\n\t\t\t\t\t\t\t<\/div>\n\t\t\t<\/div>\n\n\n\n<div class=\"wp-block-uagb-container uagb-block-9a786fe1\">\n<div class=\"wp-block-uagb-buttons uagb-buttons__outer-wrap uagb-btn__default-btn uagb-btn-tablet__default-btn uagb-btn-mobile__default-btn uagb-block-10393043\"><div class=\"uagb-buttons__wrap uagb-buttons-layout-wrap \">\n<div class=\"wp-block-uagb-buttons-child uagb-buttons__outer-wrap uagb-block-47a05e21 wp-block-button\"><div class=\"uagb-button__wrapper\"><a class=\"uagb-buttons-repeater wp-block-button__link\" aria-label=\"\" href=\"https:\/\/www.studio.eklozia.fr\/asfmetal\/activites\/\" rel=\"follow noopener\" target=\"_self\" role=\"button\"><div class=\"uagb-button__link\">Nos activit\u00e9s<\/div><\/a><\/div><\/div>\n<\/div><\/div>\n<\/div>\n<\/div>\n<\/div>\n\n\n\n<div class=\"wp-block-uagb-container uagb-block-7c1f6d6f\"><\/div>\n<\/div><\/div>\n\n\n\n<div class=\"wp-block-uagb-container uagb-block-7857e9f9 alignfull uagb-is-root-container\"><div class=\"uagb-container-inner-blocks-wrap\">\n<div class=\"wp-block-uagb-container uagb-block-b9cb5883\"><\/div>\n\n\n\n<div class=\"wp-block-uagb-container uagb-block-feeef885\">\n<div class=\"wp-block-uagb-advanced-heading uagb-block-99e2b438\"><h6 class=\"uagb-heading-text\"><strong>Philosophie<\/strong><\/h6><div class=\"uagb-separator\"><\/div><\/div>\n\n\n\n<div class=\"wp-block-uagb-advanced-heading uagb-block-3dcf5b8a\"><h2 class=\"uagb-heading-text\">Donner vie \u00e0 vos id\u00e9es<\/h2><p class=\"uagb-desc-text\">La philosophie d\u2019ASF M\u00e9tal repose sur la compr\u00e9hension de vos besoins et attentes, afin de vous offrir des solutions enti\u00e8rement sur-mesure.<br>De fait, nous traduisons vos id\u00e9es en r\u00e9alisations originales en mariant technique et esth\u00e9tique, tout en respectant les normes et les r\u00e8gles de l\u2019art.<br><strong>Particuliers ou entreprises<\/strong>, nous adaptons nos offres aux sp\u00e9cificit\u00e9s de chacun de vos projets, y compris les plus complexes. <em>In fine<\/em>, nous cr\u00e9ons des pi\u00e8ces uniques pour des lieux tout aussi singuliers, en faisant appel \u00e0 notre savoir-faire et notre <strong>passion pour le m\u00e9tal<\/strong>.<\/p><\/div>\n\n\n\n<div class=\"wp-block-uagb-advanced-heading uagb-block-911d2f9d\"><h4 class=\"uagb-heading-text\">Notre particularit\u00e9 ? Notre amour des (gros) d\u00e9fis techniques ! Nous avons par exemple r\u00e9alis\u00e9 \u201cLe Satellite\u201d, une camionnette sp\u00e9cialement transform\u00e9e pour devenir un mini-mus\u00e9e itin\u00e9rant. Imagin\u00e9e par l\u2019architecte Mathieu Herbelin, elle a \u00e9t\u00e9 command\u00e9e par le Frac (Fonds r\u00e9gional d\u2019art contemporain).<\/h4><\/div>\n<\/div>\n<\/div><\/div>\n\n\n\n<div class=\"wp-block-uagb-container uagb-block-131a4b1a alignfull uagb-is-root-container\"><div class=\"uagb-container-inner-blocks-wrap\">\n<div class=\"wp-block-uagb-advanced-heading uagb-block-5e89886f\"><h2 class=\"uagb-heading-text\">Nos valeurs<\/h2><\/div>\n\n\n\n<div class=\"wp-block-uagb-container uagb-block-0a6e5230 alignfull uagb-is-root-container\"><div class=\"uagb-container-inner-blocks-wrap\">\n<div class=\"wp-block-uagb-container uagb-block-dd8287fc\">\n<div class=\"wp-block-uagb-advanced-heading uagb-block-3d72039d\"><h3 class=\"uagb-heading-text\"><strong>Qualit\u00e9 et savoir-faire<\/strong><\/h3><\/div>\n\n\n\n<p class=\"has-ast-global-color-5-color has-text-color has-link-color wp-elements-03b7836e13bf9699c838f0ef3c241d20\">Engag\u00e9s dans une d\u00e9marche d\u2019excellence, nous utilisons des techniques modernes combin\u00e9es \u00e0 un savoir-faire traditionnel pour offrir des prestations de haute qualit\u00e9.<\/p>\n<\/div>\n\n\n\n<div class=\"wp-block-uagb-container uagb-block-2e64b056\">\n<div class=\"wp-block-uagb-advanced-heading uagb-block-6e57102a\"><h3 class=\"uagb-heading-text\">Innovation<\/h3><\/div>\n\n\n\n<p class=\"has-ast-global-color-5-color has-text-color has-link-color wp-elements-49e7b3033a9c8b88b0a8536f1652f3a6\">Vos besoins sp\u00e9cifiques m\u00e9ritent des solutions cr\u00e9atives et efficaces, c\u2019est pourquoi nous int\u00e9grons les derni\u00e8res avanc\u00e9es technologiques dans nos proc\u00e9d\u00e9s.<\/p>\n<\/div>\n<\/div><\/div>\n\n\n\n<div class=\"wp-block-uagb-container uagb-block-fe3bf68c alignfull uagb-is-root-container\"><div class=\"uagb-container-inner-blocks-wrap\">\n<div class=\"wp-block-uagb-container uagb-block-f9670a52\">\n<div class=\"wp-block-uagb-advanced-heading uagb-block-1cbdd909\"><h3 class=\"uagb-heading-text\"><strong>Service client<\/strong><\/h3><\/div>\n\n\n\n<p class=\"has-ast-global-color-5-color has-text-color has-link-color wp-elements-a02f786532c7561aa0a9f2921e965993\">Attach\u00e9s \u00e0 la satisfaction client, nous offrons un accompagnement personnalis\u00e9 \u00e0 chaque \u00e9tape de votre projet, de la conception \u00e0 la r\u00e9alisation, en veillant au moindre d\u00e9tail.<\/p>\n<\/div>\n\n\n\n<div class=\"wp-block-uagb-container uagb-block-df4762d5\">\n<div class=\"wp-block-uagb-advanced-heading uagb-block-0d7d4735\"><h3 class=\"uagb-heading-text\">Collaboration<\/h3><\/div>\n\n\n\n<p class=\"has-ast-global-color-5-color has-text-color has-link-color wp-elements-c1bcacb874bf8f61b9eb12d9435be062\">Pour nous, elle est la cl\u00e9 du succ\u00e8s. Nos collaborateurs partagent leurs connaissances et leurs exp\u00e9riences tr\u00e8s diversifi\u00e9es pour enrichir chaque projet.<\/p>\n<\/div>\n<\/div><\/div>\n<\/div><\/div>\n\n\n\n<div class=\"wp-block-uagb-container uagb-block-7c64c7b3 alignfull uagb-is-root-container\"><div class=\"uagb-container-inner-blocks-wrap\">\n<div class=\"wp-block-uagb-container uagb-block-86f3c2a3\">\n<div class=\"wp-block-uagb-advanced-heading uagb-block-b39234d7\"><h6 class=\"uagb-heading-text\">Mieux nous conna\u00eetre<\/h6><div class=\"uagb-separator\"><\/div><\/div>\n\n\n\n<div class=\"wp-block-uagb-advanced-heading uagb-block-5c93341f\"><h2 class=\"uagb-heading-text\">Notre \u00e9quipe<\/h2><\/div>\n\n\n\n<p><strong>Ludovic Regazzoni<\/strong><br>G\u00e9rant et cr\u00e9ateur de l\u2019entreprise, titulaire d\u2019un BTS en microtechniques, avec plus de 10 ans d\u2019exp\u00e9rience dans l\u2019industrie navale et microtechnique.<\/p>\n\n\n\n<p><strong>Christine Regazzoni<\/strong><br>Assistante administrative, titulaire d\u2019une ma\u00eetrise en gestion des entreprises.<\/p>\n\n\n\n<p><strong>Anthony Faivre<\/strong><br>CAP et BP Serrurier-M\u00e9tallier, avec pr\u00e8s de 20 ans d\u2019exp\u00e9rience en fabrication traditionnelle.<\/p>\n\n\n\n<p><strong>Benjamin Antoni<\/strong><br>CAP et BP Serrurier-M\u00e9tallier, form\u00e9 chez les Compagnons du Devoir ; 10 ans d\u2019exp\u00e9rience.<\/p>\n\n\n\n<p><strong>Alex Abadie<\/strong><br>En cours de formation par ses coll\u00e8gues.<\/p>\n\n\n\n<p><strong>Eddy Bertin<\/strong><br>En cours de formation dans les techniques de traitement de surface.<\/p>\n\n\n\n<p><strong>Jolan Wilb et Alseny Barry<\/strong><br>Apprentis.<\/p>\n<\/div>\n\n\n\n<div class=\"wp-block-uagb-container uagb-block-e6bf55ca\"><\/div>\n<\/div><\/div>\n\n\n\n<div class=\"wp-block-uagb-container uagb-block-c6f38050 alignfull uagb-is-root-container\"><div class=\"uagb-container-inner-blocks-wrap\">\n<div class=\"wp-block-uagb-advanced-heading uagb-block-387e5373\"><h2 class=\"uagb-heading-text\"><strong>Votre chantier par ASF M\u00e9tal<\/strong><\/h2><\/div>\n\n\n\n<div class=\"wp-block-uagb-container uagb-block-f5a7fbde alignfull uagb-is-root-container\"><div class=\"uagb-container-inner-blocks-wrap\">\n<div class=\"wp-block-uagb-container uagb-block-9830157f\">\n<div class=\"wp-block-uagb-advanced-heading uagb-block-704c46e7\"><h3 class=\"uagb-heading-text\"><strong>Organisation<\/strong><\/h3><\/div>\n\n\n\n<p class=\"has-ast-global-color-5-color has-text-color has-link-color wp-elements-beae3c9e1c70070398092d7233e178a6\">Chaque chantier est supervis\u00e9 par un responsable qui assure la prise de cotes et garantit la pr\u00e9cision de la conception, ainsi que la qualit\u00e9 de la pose. Nos \u00e9quipes travaillent en bin\u00f4mes ou en trin\u00f4mes pour respecter les d\u00e9lais et assurer une r\u00e9alisation impeccable.<\/p>\n\n\n\n<div class=\"wp-block-uagb-advanced-heading uagb-block-d198c045\"><h3 class=\"uagb-heading-text\"><strong>Moyens de production<\/strong><\/h3><\/div>\n\n\n\n<p class=\"has-ast-global-color-5-color has-text-color has-link-color wp-elements-6b79e025bd078577c81830662aaae6d2\">\u00c0 Ch\u00e2tillon-le-Duc, nos installations comprennent 1200 m\u00b2 de surface de fabrication, 125 m\u00b2 de zone de traitement de surface et 100 m\u00b2 de stockage. Pour r\u00e9aliser vos travaux avec pr\u00e9cision et efficacit\u00e9, nous disposons de machines de haute qualit\u00e9 (presses-plieuses, cisailles, postes de soudure\u2026). Sur chantier, nous utilisons des mat\u00e9riels de pose et levage adapt\u00e9s ou louons des \u00e9quipements sp\u00e9cifiques, afin de garantir la s\u00e9curit\u00e9 et la qualit\u00e9 de nos interventions.<\/p>\n<\/div>\n\n\n\n<div class=\"wp-block-uagb-container uagb-block-2a37251b\">\n<div class=\"wp-block-uagb-advanced-heading uagb-block-7243257d\"><h3 class=\"uagb-heading-text\">Engagement \u00e9cologique<\/h3><\/div>\n\n\n\n<p class=\"has-ast-global-color-5-color has-text-color has-link-color wp-elements-3a623261e3956f8c4f67bcf177a73017\">Nous minimisons notre impact environnemental en utilisant des emballages r\u00e9utilisables, en g\u00e9rant et recyclant nos d\u00e9chets de mani\u00e8re responsable, mais \u00e9galement en recourant \u00e0 des proc\u00e9d\u00e9s respectueux de l\u2019environnement. Notre activit\u00e9 est con\u00e7ue pour \u00eatre la plus durable possible.<\/p>\n\n\n\n<div class=\"wp-block-uagb-advanced-heading uagb-block-7864a697\"><h3 class=\"uagb-heading-text\">Nos assurances<\/h3><\/div>\n\n\n\n<p class=\"has-ast-global-color-5-color has-text-color has-link-color wp-elements-960fd13797f6ea3a990a430943074480\">Tous nos travaux sont couverts par une assurance d\u00e9cennale et biennale, afin de garantir leur durabilit\u00e9 et leur qualit\u00e9.<\/p>\n\n\n\n<div class=\"wp-block-uagb-container uagb-block-d979ba9a\">\n<div class=\"wp-block-uagb-container uagb-block-5b37262f\">      \n\t\t\t<div class=\"uagb-icon-wrapper uagb-block-2884cc0e  \"\t>\n\t\t\t\t\t\t\t\t\t<span class=\"uagb-svg-wrapper\" \n\t\t\t\t\t aria-label=\"right-long\"\t\t\t\t\ttabindex=\"0\">\t\t\n\t\t\t\t\t\t\t\t\t\t<svg xmlns=\"https:\/\/www.w3.org\/2000\/svg\" viewBox= \"0 0 512 512\" role=\"graphics-symbol\" aria-hidden=\"false\" aria-label=\"\"><path d=\"M504.3 273.6l-112.1 104c-6.992 6.484-17.18 8.218-25.94 4.406c-8.758-3.812-14.42-12.45-14.42-21.1L351.9 288H32C14.33 288 .0002 273.7 .0002 255.1S14.33 224 32 224h319.9l0-72c0-9.547 5.66-18.19 14.42-22c8.754-3.809 18.95-2.075 25.94 4.41l112.1 104C514.6 247.9 514.6 264.1 504.3 273.6z\"><\/path><\/svg>\n\t\t\t\t\t\t\t\t\t<\/span>\n\t\t\t\t\t\t\t<\/div>\n\t\t\t<\/div>\n\n\n\n<div class=\"wp-block-uagb-container uagb-block-f468513a\">\n<div class=\"wp-block-uagb-buttons uagb-buttons__outer-wrap uagb-btn__default-btn uagb-btn-tablet__default-btn uagb-btn-mobile__default-btn uagb-block-ca64e381\"><div class=\"uagb-buttons__wrap uagb-buttons-layout-wrap \">\n<div class=\"wp-block-uagb-buttons-child uagb-buttons__outer-wrap uagb-block-5e514eff wp-block-button\"><div class=\"uagb-button__wrapper\"><a class=\"uagb-buttons-repeater wp-block-button__link\" aria-label=\"\" href=\"https:\/\/www.studio.eklozia.fr\/asfmetal\/realisations\/\" rel=\"follow noopener\" target=\"_self\" role=\"button\"><div class=\"uagb-button__link\">Nos r\u00e9alisations<\/div><\/a><\/div><\/div>\n<\/div><\/div>\n<\/div>\n<\/div>\n<\/div>\n<\/div><\/div>\n<\/div><\/div>\n","protected":false},"excerpt":{"rendered":"<p>Votre expert en m\u00e9tallerie sur-mesure En quelques mots Qui est ASF M\u00e9tal ? Fond\u00e9e en 2004 par Ludovic Regazzoni, ASF M\u00e9tal est sp\u00e9cialis\u00e9e en Agencement, Serrurerie et Ferronnerie. Bas\u00e9e \u00e0 Besan\u00e7on, notre entreprise a d\u00e9velopp\u00e9 son expertise dans le travail des m\u00e9taux (acier, inox, bronze, cuivre, aluminium\u2026).\u00c0 la fois traditionnelles et techniquement innovantes, nos cr\u00e9ations [&hellip;]<\/p>\n","protected":false},"author":1,"featured_media":0,"parent":0,"menu_order":0,"comment_status":"closed","ping_status":"closed","template":"","meta":{"_uag_custom_page_level_css":"","site-sidebar-layout":"default","site-content-layout":"page-builder","ast-site-content-layout":"full-width-container","site-content-style":"unboxed","site-sidebar-style":"unboxed","ast-global-header-display":"","ast-banner-title-visibility":"","ast-main-header-display":"","ast-hfb-above-header-display":"","ast-hfb-below-header-display":"","ast-hfb-mobile-header-display":"","site-post-title":"disabled","ast-breadcrumbs-content":"","ast-featured-img":"","footer-sml-layout":"","theme-transparent-header-meta":"enabled","adv-header-id-meta":"","stick-header-meta":"","header-above-stick-meta":"","header-main-stick-meta":"","header-below-stick-meta":"","astra-migrate-meta-layouts":"set","ast-page-background-enabled":"default","ast-page-background-meta":{"desktop":{"background-color":"","background-image":"","background-repeat":"repeat","background-position":"center center","background-size":"auto","background-attachment":"scroll","background-type":"","background-media":"","overlay-type":"","overlay-color":"","overlay-opacity":"","overlay-gradient":""},"tablet":{"background-color":"","background-image":"","background-repeat":"repeat","background-position":"center center","background-size":"auto","background-attachment":"scroll","background-type":"","background-media":"","overlay-type":"","overlay-color":"","overlay-opacity":"","overlay-gradient":""},"mobile":{"background-color":"","background-image":"","background-repeat":"repeat","background-position":"center center","background-size":"auto","background-attachment":"scroll","background-type":"","background-media":"","overlay-type":"","overlay-color":"","overlay-opacity":"","overlay-gradient":""}},"ast-content-background-meta":{"desktop":{"background-color":"var(--ast-global-color-5)","background-image":"","background-repeat":"repeat","background-position":"center center","background-size":"auto","background-attachment":"scroll","background-type":"","background-media":"","overlay-type":"","overlay-color":"","overlay-opacity":"","overlay-gradient":""},"tablet":{"background-color":"var(--ast-global-color-5)","background-image":"","background-repeat":"repeat","background-position":"center center","background-size":"auto","background-attachment":"scroll","background-type":"","background-media":"","overlay-type":"","overlay-color":"","overlay-opacity":"","overlay-gradient":""},"mobile":{"background-color":"var(--ast-global-color-5)","background-image":"","background-repeat":"repeat","background-position":"center center","background-size":"auto","background-attachment":"scroll","background-type":"","background-media":"","overlay-type":"","overlay-color":"","overlay-opacity":"","overlay-gradient":""}},"footnotes":""},"class_list":["post-407","page","type-page","status-publish","hentry"],"yoast_head":"<!-- This site is optimized with the Yoast SEO plugin v23.2 - https:\/\/yoast.com\/wordpress\/plugins\/seo\/ -->\n<title>Votre expert en m\u00e9tallerie sur-mesure -<\/title>\n<meta name=\"robots\" content=\"noindex, follow, max-snippet:-1, max-image-preview:large, max-video-preview:-1\" \/>\n<meta property=\"og:locale\" content=\"fr_FR\" \/>\n<meta property=\"og:type\" content=\"article\" \/>\n<meta property=\"og:title\" content=\"Votre expert en m\u00e9tallerie sur-mesure -\" \/>\n<meta property=\"og:description\" content=\"Votre expert en m\u00e9tallerie sur-mesure En quelques mots Qui est ASF M\u00e9tal ? Fond\u00e9e en 2004 par Ludovic Regazzoni, ASF M\u00e9tal est sp\u00e9cialis\u00e9e en Agencement, Serrurerie et Ferronnerie. Bas\u00e9e \u00e0 Besan\u00e7on, notre entreprise a d\u00e9velopp\u00e9 son expertise dans le travail des m\u00e9taux (acier, inox, bronze, cuivre, aluminium\u2026).\u00c0 la fois traditionnelles et techniquement innovantes, nos cr\u00e9ations [&hellip;]\" \/>\n<meta property=\"og:url\" content=\"https:\/\/www.studio.eklozia.fr\/asfmetal\/expert-metallerie-sur-mesure\/\" \/>\n<meta property=\"article:modified_time\" content=\"2024-08-19T17:05:55+00:00\" \/>\n<meta name=\"twitter:card\" content=\"summary_large_image\" \/>\n<meta name=\"twitter:label1\" content=\"Dur\u00e9e de lecture estim\u00e9e\" \/>\n\t<meta name=\"twitter:data1\" content=\"4 minutes\" \/>\n<script type=\"application\/ld+json\" class=\"yoast-schema-graph\">{\"@context\":\"https:\/\/schema.org\",\"@graph\":[{\"@type\":\"WebPage\",\"@id\":\"https:\/\/www.studio.eklozia.fr\/asfmetal\/expert-metallerie-sur-mesure\/\",\"url\":\"https:\/\/www.studio.eklozia.fr\/asfmetal\/expert-metallerie-sur-mesure\/\",\"name\":\"Votre expert en m\u00e9tallerie sur-mesure -\",\"isPartOf\":{\"@id\":\"https:\/\/www.studio.eklozia.fr\/asfmetal\/#website\"},\"datePublished\":\"2024-06-11T12:42:21+00:00\",\"dateModified\":\"2024-08-19T17:05:55+00:00\",\"breadcrumb\":{\"@id\":\"https:\/\/www.studio.eklozia.fr\/asfmetal\/expert-metallerie-sur-mesure\/#breadcrumb\"},\"inLanguage\":\"fr-FR\",\"potentialAction\":[{\"@type\":\"ReadAction\",\"target\":[\"https:\/\/www.studio.eklozia.fr\/asfmetal\/expert-metallerie-sur-mesure\/\"]}]},{\"@type\":\"BreadcrumbList\",\"@id\":\"https:\/\/www.studio.eklozia.fr\/asfmetal\/expert-metallerie-sur-mesure\/#breadcrumb\",\"itemListElement\":[{\"@type\":\"ListItem\",\"position\":1,\"name\":\"Accueil\",\"item\":\"https:\/\/www.studio.eklozia.fr\/asfmetal\/\"},{\"@type\":\"ListItem\",\"position\":2,\"name\":\"Votre expert en m\u00e9tallerie sur-mesure\"}]},{\"@type\":\"WebSite\",\"@id\":\"https:\/\/www.studio.eklozia.fr\/asfmetal\/#website\",\"url\":\"https:\/\/www.studio.eklozia.fr\/asfmetal\/\",\"name\":\"\",\"description\":\"Agencement Serrurerie et Ferronerie \u00e0 Besan\u00e7on\",\"potentialAction\":[{\"@type\":\"SearchAction\",\"target\":{\"@type\":\"EntryPoint\",\"urlTemplate\":\"https:\/\/www.studio.eklozia.fr\/asfmetal\/?s={search_term_string}\"},\"query-input\":\"required name=search_term_string\"}],\"inLanguage\":\"fr-FR\"}]}<\/script>\n<!-- \/ Yoast SEO plugin. -->","yoast_head_json":{"title":"Votre expert en m\u00e9tallerie sur-mesure -","robots":{"index":"noindex","follow":"follow","max-snippet":"max-snippet:-1","max-image-preview":"max-image-preview:large","max-video-preview":"max-video-preview:-1"},"og_locale":"fr_FR","og_type":"article","og_title":"Votre expert en m\u00e9tallerie sur-mesure -","og_description":"Votre expert en m\u00e9tallerie sur-mesure En quelques mots Qui est ASF M\u00e9tal ? Fond\u00e9e en 2004 par Ludovic Regazzoni, ASF M\u00e9tal est sp\u00e9cialis\u00e9e en Agencement, Serrurerie et Ferronnerie. Bas\u00e9e \u00e0 Besan\u00e7on, notre entreprise a d\u00e9velopp\u00e9 son expertise dans le travail des m\u00e9taux (acier, inox, bronze, cuivre, aluminium\u2026).\u00c0 la fois traditionnelles et techniquement innovantes, nos cr\u00e9ations [&hellip;]","og_url":"https:\/\/www.studio.eklozia.fr\/asfmetal\/expert-metallerie-sur-mesure\/","article_modified_time":"2024-08-19T17:05:55+00:00","twitter_card":"summary_large_image","twitter_misc":{"Dur\u00e9e de lecture estim\u00e9e":"4 minutes"},"schema":{"@context":"https:\/\/schema.org","@graph":[{"@type":"WebPage","@id":"https:\/\/www.studio.eklozia.fr\/asfmetal\/expert-metallerie-sur-mesure\/","url":"https:\/\/www.studio.eklozia.fr\/asfmetal\/expert-metallerie-sur-mesure\/","name":"Votre expert en m\u00e9tallerie sur-mesure -","isPartOf":{"@id":"https:\/\/www.studio.eklozia.fr\/asfmetal\/#website"},"datePublished":"2024-06-11T12:42:21+00:00","dateModified":"2024-08-19T17:05:55+00:00","breadcrumb":{"@id":"https:\/\/www.studio.eklozia.fr\/asfmetal\/expert-metallerie-sur-mesure\/#breadcrumb"},"inLanguage":"fr-FR","potentialAction":[{"@type":"ReadAction","target":["https:\/\/www.studio.eklozia.fr\/asfmetal\/expert-metallerie-sur-mesure\/"]}]},{"@type":"BreadcrumbList","@id":"https:\/\/www.studio.eklozia.fr\/asfmetal\/expert-metallerie-sur-mesure\/#breadcrumb","itemListElement":[{"@type":"ListItem","position":1,"name":"Accueil","item":"https:\/\/www.studio.eklozia.fr\/asfmetal\/"},{"@type":"ListItem","position":2,"name":"Votre expert en m\u00e9tallerie sur-mesure"}]},{"@type":"WebSite","@id":"https:\/\/www.studio.eklozia.fr\/asfmetal\/#website","url":"https:\/\/www.studio.eklozia.fr\/asfmetal\/","name":"","description":"Agencement Serrurerie et Ferronerie \u00e0 Besan\u00e7on","potentialAction":[{"@type":"SearchAction","target":{"@type":"EntryPoint","urlTemplate":"https:\/\/www.studio.eklozia.fr\/asfmetal\/?s={search_term_string}"},"query-input":"required name=search_term_string"}],"inLanguage":"fr-FR"}]}},"uagb_featured_image_src":{"full":false,"thumbnail":false,"medium":false,"medium_large":false,"large":false,"1536x1536":false,"2048x2048":false},"uagb_author_info":{"display_name":"Lydie","author_link":"https:\/\/www.studio.eklozia.fr\/asfmetal\/author\/lydie\/"},"uagb_comment_info":0,"uagb_excerpt":"Votre expert en m\u00e9tallerie sur-mesure En quelques mots Qui est ASF M\u00e9tal ? Fond\u00e9e en 2004 par Ludovic Regazzoni, ASF M\u00e9tal est sp\u00e9cialis\u00e9e en Agencement, Serrurerie et Ferronnerie. Bas\u00e9e \u00e0 Besan\u00e7on, notre entreprise a d\u00e9velopp\u00e9 son expertise dans le travail des m\u00e9taux (acier, inox, bronze, cuivre, aluminium\u2026).\u00c0 la fois traditionnelles et techniquement innovantes, nos cr\u00e9ations\u2026","_links":{"self":[{"href":"https:\/\/www.studio.eklozia.fr\/asfmetal\/wp-json\/wp\/v2\/pages\/407","targetHints":{"allow":["GET"]}}],"collection":[{"href":"https:\/\/www.studio.eklozia.fr\/asfmetal\/wp-json\/wp\/v2\/pages"}],"about":[{"href":"https:\/\/www.studio.eklozia.fr\/asfmetal\/wp-json\/wp\/v2\/types\/page"}],"author":[{"embeddable":true,"href":"https:\/\/www.studio.eklozia.fr\/asfmetal\/wp-json\/wp\/v2\/users\/1"}],"replies":[{"embeddable":true,"href":"https:\/\/www.studio.eklozia.fr\/asfmetal\/wp-json\/wp\/v2\/comments?post=407"}],"version-history":[{"count":28,"href":"https:\/\/www.studio.eklozia.fr\/asfmetal\/wp-json\/wp\/v2\/pages\/407\/revisions"}],"predecessor-version":[{"id":1673,"href":"https:\/\/www.studio.eklozia.fr\/asfmetal\/wp-json\/wp\/v2\/pages\/407\/revisions\/1673"}],"wp:attachment":[{"href":"https:\/\/www.studio.eklozia.fr\/asfmetal\/wp-json\/wp\/v2\/media?parent=407"}],"curies":[{"name":"wp","href":"https:\/\/api.w.org\/{rel}","templated":true}]}}