{"id":408,"date":"2024-06-11T12:42:21","date_gmt":"2024-06-11T12:42:21","guid":{"rendered":"https:\/\/www.studio.eklozia.fr\/asfmetal\/services\/"},"modified":"2024-08-19T16:27:12","modified_gmt":"2024-08-19T16:27:12","slug":"activites","status":"publish","type":"page","link":"https:\/\/www.studio.eklozia.fr\/asfmetal\/activites\/","title":{"rendered":"Nos activit\u00e9s"},"content":{"rendered":"\n<div class=\"wp-block-uagb-container uagb-block-fc92abdc alignfull uagb-is-root-container\"><div class=\"uagb-container-inner-blocks-wrap\">\n<div class=\"wp-block-uagb-advanced-heading uagb-block-a54b8bea\"><h1 class=\"uagb-heading-text\">Les activit\u00e9s d&rsquo;ASF M\u00e9tal<\/h1><\/div>\n<\/div><\/div>\n\n\n\n<div class=\"wp-block-uagb-container uagb-block-973be38f alignfull uagb-is-root-container\"><div class=\"uagb-container-inner-blocks-wrap\">\n<div class=\"wp-block-uagb-advanced-heading uagb-block-666407bf\"><h6 class=\"uagb-heading-text\">D\u00e9couvrir<\/h6><div class=\"uagb-separator\"><\/div><\/div>\n\n\n\n<div class=\"wp-block-uagb-advanced-heading uagb-block-e9ed4536\"><h2 class=\"uagb-heading-text\">Nos diff\u00e9rents types de prestations<\/h2><\/div>\n\n\n\n<div class=\"wp-block-uagb-container uagb-block-bc238df2\">\n<div class=\"wp-block-uagb-container uagb-block-c15bae76\"><\/div>\n\n\n\n<div class=\"wp-block-uagb-container uagb-block-781f695e\">\n<div class=\"wp-block-uagb-advanced-heading uagb-block-b883cbcf\"><h2 class=\"uagb-heading-text\">\u204401\u200b<\/h2><\/div>\n\n\n\n<div class=\"wp-block-uagb-advanced-heading uagb-block-6758d62d\"><h3 class=\"uagb-heading-text\"><strong>M\u00e9tallerie-serrurerie<\/strong><\/h3><p class=\"uagb-desc-text\">Nos solutions en m\u00e9tallerie-serrurerie combinent savoir-faire artisanal et innovations technologiques pour r\u00e9pondre \u00e0 vos besoins techniques, esth\u00e9tiques et architecturaux. Nous r\u00e9alisons des escaliers, garde-corps, cl\u00f4tures, portails, portes pleines, et bien plus encore, sur-mesure.<\/p><\/div>\n<\/div>\n<\/div>\n\n\n\n<div class=\"wp-block-uagb-container uagb-block-768d70ff\">\n<div class=\"wp-block-uagb-container uagb-block-9d91bde5\">\n<div class=\"wp-block-uagb-advanced-heading uagb-block-4736a99f\"><h2 class=\"uagb-heading-text\">\u204402\u200b<\/h2><\/div>\n\n\n\n<div class=\"wp-block-uagb-advanced-heading uagb-block-1338d1ba\"><h3 class=\"uagb-heading-text\">Construction m\u00e9tallique<\/h3><p class=\"uagb-desc-text\">Nous sommes experts dans la conception et la fabrication de structures m\u00e9talliques solides et durables, adapt\u00e9es \u00e0 tous types de projets, qu&rsquo;ils soient structurels ou rapport\u00e9s en fa\u00e7ade. Nos r\u00e9alisations incluent des ossatures et charpentes m\u00e9talliques, ponts, verri\u00e8res, terrasses sur pilotis, et autres ouvrages.<\/p><\/div>\n<\/div>\n\n\n\n<div class=\"wp-block-uagb-container uagb-block-0a48065c\"><\/div>\n<\/div>\n\n\n\n<div class=\"wp-block-uagb-container uagb-block-3f03c42d\">\n<div class=\"wp-block-uagb-container uagb-block-e3428d7f\"><\/div>\n\n\n\n<div class=\"wp-block-uagb-container uagb-block-4ad1154a\">\n<div class=\"wp-block-uagb-advanced-heading uagb-block-cf53c5f8\"><h2 class=\"uagb-heading-text\">\u204403\u200b<\/h2><\/div>\n\n\n\n<div class=\"wp-block-uagb-advanced-heading uagb-block-87271416\"><h3 class=\"uagb-heading-text\">Menuiserie m\u00e9tallique<\/h3><p class=\"uagb-desc-text\">En alliant le m\u00e9tal au verre, nous cr\u00e9ons des ouvertures et am\u00e9nagements qui conjuguent design \u00e9l\u00e9gant et performances \u00e9nerg\u00e9tiques et acoustiques. Nous r\u00e9alisons des cloisons, v\u00e9randas, planchers vitr\u00e9s, portes-fen\u00eatres, garde-corps invisibles, et bien plus, adapt\u00e9s \u00e0 vos besoins sp\u00e9cifiques.<\/p><\/div>\n<\/div>\n<\/div>\n\n\n\n<div class=\"wp-block-uagb-container uagb-block-3c6dfe8d\">\n<div class=\"wp-block-uagb-container uagb-block-017b51d2\">\n<div class=\"wp-block-uagb-advanced-heading uagb-block-a8493b00\"><h2 class=\"uagb-heading-text\">\u204404\u200b<\/h2><\/div>\n\n\n\n<div class=\"wp-block-uagb-advanced-heading uagb-block-6f4f9074\"><h3 class=\"uagb-heading-text\">Agencement-d\u00e9coration<\/h3><p class=\"uagb-desc-text\">Embellissez vos espaces int\u00e9rieurs et ext\u00e9rieurs avec nos cr\u00e9ations en m\u00e9tal. Qu&rsquo;il s&rsquo;agisse de concevoir du mobilier sur-mesure ou de r\u00e9aliser des d\u00e9cors tendance, nous apportons une touche de raffinement, qu&rsquo;il s&rsquo;agisse d&rsquo;un design moderne ou classique.<\/p><\/div>\n<\/div>\n\n\n\n<div class=\"wp-block-uagb-container uagb-block-30ddcc8f\"><\/div>\n<\/div>\n\n\n\n<div class=\"wp-block-uagb-container uagb-block-eee07292\">\n<div class=\"wp-block-uagb-container uagb-block-cfb4fe3b\"><\/div>\n\n\n\n<div class=\"wp-block-uagb-container uagb-block-bd480948\">\n<div class=\"wp-block-uagb-advanced-heading uagb-block-0c1e1f57\"><h2 class=\"uagb-heading-text\">\u204405\u200b<\/h2><\/div>\n\n\n\n<div class=\"wp-block-uagb-advanced-heading uagb-block-3bb08259\"><h3 class=\"uagb-heading-text\">Ferronnerie<\/h3><p class=\"uagb-desc-text\">En associant des techniques de forge traditionnelles \u00e0 des m\u00e9thodes modernes, nous fa\u00e7onnons le m\u00e9tal pour cr\u00e9er des pi\u00e8ces uniques et durables. Nos r\u00e9alisations, telles que des portails, grilles, escaliers, garde-corps et mains courantes, sont le reflet de notre savoir-faire artisanal.<\/p><\/div>\n<\/div>\n<\/div>\n<\/div><\/div>\n","protected":false},"excerpt":{"rendered":"<p>Les activit\u00e9s d&rsquo;ASF M\u00e9tal D\u00e9couvrir Nos diff\u00e9rents types de prestations \u204401\u200b M\u00e9tallerie-serrurerie Nos solutions en m\u00e9tallerie-serrurerie combinent savoir-faire artisanal et innovations technologiques pour r\u00e9pondre \u00e0 vos besoins techniques, esth\u00e9tiques et architecturaux. Nous r\u00e9alisons des escaliers, garde-corps, cl\u00f4tures, portails, portes pleines, et bien plus encore, sur-mesure. \u204402\u200b Construction m\u00e9tallique Nous sommes experts dans la conception et [&hellip;]<\/p>\n","protected":false},"author":1,"featured_media":0,"parent":0,"menu_order":0,"comment_status":"closed","ping_status":"closed","template":"","meta":{"_uag_custom_page_level_css":"","site-sidebar-layout":"default","site-content-layout":"page-builder","ast-site-content-layout":"full-width-container","site-content-style":"unboxed","site-sidebar-style":"unboxed","ast-global-header-display":"","ast-banner-title-visibility":"","ast-main-header-display":"","ast-hfb-above-header-display":"","ast-hfb-below-header-display":"","ast-hfb-mobile-header-display":"","site-post-title":"disabled","ast-breadcrumbs-content":"","ast-featured-img":"","footer-sml-layout":"","theme-transparent-header-meta":"enabled","adv-header-id-meta":"","stick-header-meta":"","header-above-stick-meta":"","header-main-stick-meta":"","header-below-stick-meta":"","astra-migrate-meta-layouts":"set","ast-page-background-enabled":"default","ast-page-background-meta":{"desktop":{"background-color":"","background-image":"","background-repeat":"repeat","background-position":"center center","background-size":"auto","background-attachment":"scroll","background-type":"","background-media":"","overlay-type":"","overlay-color":"","overlay-opacity":"","overlay-gradient":""},"tablet":{"background-color":"","background-image":"","background-repeat":"repeat","background-position":"center center","background-size":"auto","background-attachment":"scroll","background-type":"","background-media":"","overlay-type":"","overlay-color":"","overlay-opacity":"","overlay-gradient":""},"mobile":{"background-color":"","background-image":"","background-repeat":"repeat","background-position":"center center","background-size":"auto","background-attachment":"scroll","background-type":"","background-media":"","overlay-type":"","overlay-color":"","overlay-opacity":"","overlay-gradient":""}},"ast-content-background-meta":{"desktop":{"background-color":"var(--ast-global-color-5)","background-image":"","background-repeat":"repeat","background-position":"center center","background-size":"auto","background-attachment":"scroll","background-type":"","background-media":"","overlay-type":"","overlay-color":"","overlay-opacity":"","overlay-gradient":""},"tablet":{"background-color":"var(--ast-global-color-5)","background-image":"","background-repeat":"repeat","background-position":"center center","background-size":"auto","background-attachment":"scroll","background-type":"","background-media":"","overlay-type":"","overlay-color":"","overlay-opacity":"","overlay-gradient":""},"mobile":{"background-color":"var(--ast-global-color-5)","background-image":"","background-repeat":"repeat","background-position":"center center","background-size":"auto","background-attachment":"scroll","background-type":"","background-media":"","overlay-type":"","overlay-color":"","overlay-opacity":"","overlay-gradient":""}},"footnotes":""},"class_list":["post-408","page","type-page","status-publish","hentry"],"yoast_head":"<!-- This site is optimized with the Yoast SEO plugin v23.2 - https:\/\/yoast.com\/wordpress\/plugins\/seo\/ -->\n<title>Nos activit\u00e9s -<\/title>\n<meta name=\"robots\" content=\"noindex, follow, max-snippet:-1, max-image-preview:large, max-video-preview:-1\" \/>\n<meta property=\"og:locale\" content=\"fr_FR\" \/>\n<meta property=\"og:type\" content=\"article\" \/>\n<meta property=\"og:title\" content=\"Nos activit\u00e9s -\" \/>\n<meta property=\"og:description\" content=\"Les activit\u00e9s d&rsquo;ASF M\u00e9tal D\u00e9couvrir Nos diff\u00e9rents types de prestations \u204401\u200b M\u00e9tallerie-serrurerie Nos solutions en m\u00e9tallerie-serrurerie combinent savoir-faire artisanal et innovations technologiques pour r\u00e9pondre \u00e0 vos besoins techniques, esth\u00e9tiques et architecturaux. Nous r\u00e9alisons des escaliers, garde-corps, cl\u00f4tures, portails, portes pleines, et bien plus encore, sur-mesure. \u204402\u200b Construction m\u00e9tallique Nous sommes experts dans la conception et [&hellip;]\" \/>\n<meta property=\"og:url\" content=\"https:\/\/www.studio.eklozia.fr\/asfmetal\/activites\/\" \/>\n<meta property=\"article:modified_time\" content=\"2024-08-19T16:27:12+00:00\" \/>\n<meta name=\"twitter:card\" content=\"summary_large_image\" \/>\n<meta name=\"twitter:label1\" content=\"Dur\u00e9e de lecture estim\u00e9e\" \/>\n\t<meta name=\"twitter:data1\" content=\"2 minutes\" \/>\n<script type=\"application\/ld+json\" class=\"yoast-schema-graph\">{\"@context\":\"https:\/\/schema.org\",\"@graph\":[{\"@type\":\"WebPage\",\"@id\":\"https:\/\/www.studio.eklozia.fr\/asfmetal\/activites\/\",\"url\":\"https:\/\/www.studio.eklozia.fr\/asfmetal\/activites\/\",\"name\":\"Nos activit\u00e9s -\",\"isPartOf\":{\"@id\":\"https:\/\/www.studio.eklozia.fr\/asfmetal\/#website\"},\"datePublished\":\"2024-06-11T12:42:21+00:00\",\"dateModified\":\"2024-08-19T16:27:12+00:00\",\"breadcrumb\":{\"@id\":\"https:\/\/www.studio.eklozia.fr\/asfmetal\/activites\/#breadcrumb\"},\"inLanguage\":\"fr-FR\",\"potentialAction\":[{\"@type\":\"ReadAction\",\"target\":[\"https:\/\/www.studio.eklozia.fr\/asfmetal\/activites\/\"]}]},{\"@type\":\"BreadcrumbList\",\"@id\":\"https:\/\/www.studio.eklozia.fr\/asfmetal\/activites\/#breadcrumb\",\"itemListElement\":[{\"@type\":\"ListItem\",\"position\":1,\"name\":\"Accueil\",\"item\":\"https:\/\/www.studio.eklozia.fr\/asfmetal\/\"},{\"@type\":\"ListItem\",\"position\":2,\"name\":\"Nos activit\u00e9s\"}]},{\"@type\":\"WebSite\",\"@id\":\"https:\/\/www.studio.eklozia.fr\/asfmetal\/#website\",\"url\":\"https:\/\/www.studio.eklozia.fr\/asfmetal\/\",\"name\":\"\",\"description\":\"Agencement Serrurerie et Ferronerie \u00e0 Besan\u00e7on\",\"potentialAction\":[{\"@type\":\"SearchAction\",\"target\":{\"@type\":\"EntryPoint\",\"urlTemplate\":\"https:\/\/www.studio.eklozia.fr\/asfmetal\/?s={search_term_string}\"},\"query-input\":\"required name=search_term_string\"}],\"inLanguage\":\"fr-FR\"}]}<\/script>\n<!-- \/ Yoast SEO plugin. -->","yoast_head_json":{"title":"Nos activit\u00e9s -","robots":{"index":"noindex","follow":"follow","max-snippet":"max-snippet:-1","max-image-preview":"max-image-preview:large","max-video-preview":"max-video-preview:-1"},"og_locale":"fr_FR","og_type":"article","og_title":"Nos activit\u00e9s -","og_description":"Les activit\u00e9s d&rsquo;ASF M\u00e9tal D\u00e9couvrir Nos diff\u00e9rents types de prestations \u204401\u200b M\u00e9tallerie-serrurerie Nos solutions en m\u00e9tallerie-serrurerie combinent savoir-faire artisanal et innovations technologiques pour r\u00e9pondre \u00e0 vos besoins techniques, esth\u00e9tiques et architecturaux. Nous r\u00e9alisons des escaliers, garde-corps, cl\u00f4tures, portails, portes pleines, et bien plus encore, sur-mesure. \u204402\u200b Construction m\u00e9tallique Nous sommes experts dans la conception et [&hellip;]","og_url":"https:\/\/www.studio.eklozia.fr\/asfmetal\/activites\/","article_modified_time":"2024-08-19T16:27:12+00:00","twitter_card":"summary_large_image","twitter_misc":{"Dur\u00e9e de lecture estim\u00e9e":"2 minutes"},"schema":{"@context":"https:\/\/schema.org","@graph":[{"@type":"WebPage","@id":"https:\/\/www.studio.eklozia.fr\/asfmetal\/activites\/","url":"https:\/\/www.studio.eklozia.fr\/asfmetal\/activites\/","name":"Nos activit\u00e9s -","isPartOf":{"@id":"https:\/\/www.studio.eklozia.fr\/asfmetal\/#website"},"datePublished":"2024-06-11T12:42:21+00:00","dateModified":"2024-08-19T16:27:12+00:00","breadcrumb":{"@id":"https:\/\/www.studio.eklozia.fr\/asfmetal\/activites\/#breadcrumb"},"inLanguage":"fr-FR","potentialAction":[{"@type":"ReadAction","target":["https:\/\/www.studio.eklozia.fr\/asfmetal\/activites\/"]}]},{"@type":"BreadcrumbList","@id":"https:\/\/www.studio.eklozia.fr\/asfmetal\/activites\/#breadcrumb","itemListElement":[{"@type":"ListItem","position":1,"name":"Accueil","item":"https:\/\/www.studio.eklozia.fr\/asfmetal\/"},{"@type":"ListItem","position":2,"name":"Nos activit\u00e9s"}]},{"@type":"WebSite","@id":"https:\/\/www.studio.eklozia.fr\/asfmetal\/#website","url":"https:\/\/www.studio.eklozia.fr\/asfmetal\/","name":"","description":"Agencement Serrurerie et Ferronerie \u00e0 Besan\u00e7on","potentialAction":[{"@type":"SearchAction","target":{"@type":"EntryPoint","urlTemplate":"https:\/\/www.studio.eklozia.fr\/asfmetal\/?s={search_term_string}"},"query-input":"required name=search_term_string"}],"inLanguage":"fr-FR"}]}},"uagb_featured_image_src":{"full":false,"thumbnail":false,"medium":false,"medium_large":false,"large":false,"1536x1536":false,"2048x2048":false},"uagb_author_info":{"display_name":"Lydie","author_link":"https:\/\/www.studio.eklozia.fr\/asfmetal\/author\/lydie\/"},"uagb_comment_info":0,"uagb_excerpt":"Les activit\u00e9s d&rsquo;ASF M\u00e9tal D\u00e9couvrir Nos diff\u00e9rents types de prestations \u204401\u200b M\u00e9tallerie-serrurerie Nos solutions en m\u00e9tallerie-serrurerie combinent savoir-faire artisanal et innovations technologiques pour r\u00e9pondre \u00e0 vos besoins techniques, esth\u00e9tiques et architecturaux. Nous r\u00e9alisons des escaliers, garde-corps, cl\u00f4tures, portails, portes pleines, et bien plus encore, sur-mesure. \u204402\u200b Construction m\u00e9tallique Nous sommes experts dans la conception et\u2026","_links":{"self":[{"href":"https:\/\/www.studio.eklozia.fr\/asfmetal\/wp-json\/wp\/v2\/pages\/408","targetHints":{"allow":["GET"]}}],"collection":[{"href":"https:\/\/www.studio.eklozia.fr\/asfmetal\/wp-json\/wp\/v2\/pages"}],"about":[{"href":"https:\/\/www.studio.eklozia.fr\/asfmetal\/wp-json\/wp\/v2\/types\/page"}],"author":[{"embeddable":true,"href":"https:\/\/www.studio.eklozia.fr\/asfmetal\/wp-json\/wp\/v2\/users\/1"}],"replies":[{"embeddable":true,"href":"https:\/\/www.studio.eklozia.fr\/asfmetal\/wp-json\/wp\/v2\/comments?post=408"}],"version-history":[{"count":5,"href":"https:\/\/www.studio.eklozia.fr\/asfmetal\/wp-json\/wp\/v2\/pages\/408\/revisions"}],"predecessor-version":[{"id":1660,"href":"https:\/\/www.studio.eklozia.fr\/asfmetal\/wp-json\/wp\/v2\/pages\/408\/revisions\/1660"}],"wp:attachment":[{"href":"https:\/\/www.studio.eklozia.fr\/asfmetal\/wp-json\/wp\/v2\/media?parent=408"}],"curies":[{"name":"wp","href":"https:\/\/api.w.org\/{rel}","templated":true}]}}