{"id":411,"date":"2024-06-11T12:42:21","date_gmt":"2024-06-11T12:42:21","guid":{"rendered":"https:\/\/www.studio.eklozia.fr\/asfmetal\/contact\/"},"modified":"2024-08-19T14:35:00","modified_gmt":"2024-08-19T14:35:00","slug":"contact","status":"publish","type":"page","link":"https:\/\/www.studio.eklozia.fr\/asfmetal\/contact\/","title":{"rendered":"Contact"},"content":{"rendered":"\n<div class=\"wp-block-uagb-container uagb-block-ad6f1178 alignfull uagb-is-root-container\"><div class=\"uagb-container-inner-blocks-wrap\">\n<div class=\"wp-block-uagb-advanced-heading uagb-block-95298254\"><h1 class=\"uagb-heading-text\">Contact<\/h1><\/div>\n<\/div><\/div>\n\n\n\n<div class=\"wp-block-uagb-container uagb-block-ab0039a8 alignfull uagb-is-root-container\"><div class=\"uagb-container-inner-blocks-wrap\">\n<div class=\"wp-block-uagb-container uagb-block-db0e6d62\">\n<div class=\"wp-block-uagb-advanced-heading uagb-block-2a3a8bcd\"><h6 class=\"uagb-heading-text\">Vous avez un projet en t\u00eate ?<\/h6><div class=\"uagb-separator\"><\/div><\/div>\n\n\n\n<div class=\"wp-block-uagb-advanced-heading uagb-block-3af0882e\"><h2 class=\"uagb-heading-text\">Parlez-nous en !<\/h2><p class=\"uagb-desc-text\">Par t\u00e9l\u00e9phone, par email et bien s\u00fbr, dans nos locaux, il y a toujours un moyen de nous contacter pour parler de vos projets !<\/p><\/div>\n\n\n\n<div class=\"wp-block-uagb-advanced-heading uagb-block-88007da8\"><h3 class=\"uagb-heading-text\">En ligne ou sur place<\/h3><\/div>\n\n\n\n<div class=\"wp-block-uagb-icon-list uagb-block-1bc1bb1c\"><div class=\"uagb-icon-list__wrap\">\n<div class=\"wp-block-uagb-icon-list-child uagb-block-fb3484c0\"><span class=\"uagb-icon-list__source-wrap\"><svg xmlns=\"https:\/\/www.w3.org\/2000\/svg\" viewBox=\"0 0 384 512\"><path d=\"M168.3 499.2C116.1 435 0 279.4 0 192C0 85.96 85.96 0 192 0C298 0 384 85.96 384 192C384 279.4 267 435 215.7 499.2C203.4 514.5 180.6 514.5 168.3 499.2H168.3zM192 256C227.3 256 256 227.3 256 192C256 156.7 227.3 128 192 128C156.7 128 128 156.7 128 192C128 227.3 156.7 256 192 256z\"><\/path><\/svg><\/span><span class=\"uagb-icon-list__label\">ZI du Pr\u00e9 Brenot, Chemin des Maurapans<br>25 870 Ch\u00e2tillon-le-Duc<\/span><\/div>\n\n\n\n<div class=\"wp-block-uagb-icon-list-child uagb-block-53c60db9\"><span class=\"uagb-icon-list__source-wrap\"><svg xmlns=\"https:\/\/www.w3.org\/2000\/svg\" viewBox=\"0 0 512 512\"><path d=\"M464 64C490.5 64 512 85.49 512 112C512 127.1 504.9 141.3 492.8 150.4L275.2 313.6C263.8 322.1 248.2 322.1 236.8 313.6L19.2 150.4C7.113 141.3 0 127.1 0 112C0 85.49 21.49 64 48 64H464zM217.6 339.2C240.4 356.3 271.6 356.3 294.4 339.2L512 176V384C512 419.3 483.3 448 448 448H64C28.65 448 0 419.3 0 384V176L217.6 339.2z\"><\/path><\/svg><\/span><span class=\"uagb-icon-list__label\">mail@asf.com<\/span><\/div>\n\n\n\n<div class=\"wp-block-uagb-icon-list-child uagb-block-c95e0912\"><span class=\"uagb-icon-list__source-wrap\"><svg xmlns=\"https:\/\/www.w3.org\/2000\/svg\" viewBox=\"0 0 512 512\"><path d=\"M18.92 351.2l108.5-46.52c12.78-5.531 27.77-1.801 36.45 8.98l44.09 53.82c69.25-34 125.5-90.31 159.5-159.5l-53.81-44.04c-10.75-8.781-14.41-23.69-8.974-36.47l46.51-108.5c6.094-13.91 21.1-21.52 35.79-18.11l100.8 23.25c14.25 3.25 24.22 15.8 24.22 30.46c0 252.3-205.2 457.5-457.5 457.5c-14.67 0-27.18-9.968-30.45-24.22l-23.25-100.8C-2.571 372.4 5.018 357.2 18.92 351.2z\"><\/path><\/svg><\/span><span class=\"uagb-icon-list__label\">03 81 51 05 31<\/span><\/div>\n<\/div><\/div>\n\n\n\n<div class=\"wp-block-uagb-advanced-heading uagb-block-76cf884a\"><h3 class=\"uagb-heading-text\">Sur les r\u00e9seaux<\/h3><\/div>\n\n\n\n<div class=\"wp-block-uagb-icon-list uagb-block-0ebb3d29\"><div class=\"uagb-icon-list__wrap\">\n<div class=\"wp-block-uagb-icon-list-child uagb-block-cdc9ce10\"><a target=\"_self\" aria-label=\"\u00c9l\u00e9ment de liste\" rel=\"noopener noreferrer\" href=\"#\"> <\/a><span class=\"uagb-icon-list__source-wrap\"><svg xmlns=\"https:\/\/www.w3.org\/2000\/svg\" viewBox=\"0 0 448 512\"><path d=\"M224.1 141c-63.6 0-114.9 51.3-114.9 114.9s51.3 114.9 114.9 114.9S339 319.5 339 255.9 287.7 141 224.1 141zm0 189.6c-41.1 0-74.7-33.5-74.7-74.7s33.5-74.7 74.7-74.7 74.7 33.5 74.7 74.7-33.6 74.7-74.7 74.7zm146.4-194.3c0 14.9-12 26.8-26.8 26.8-14.9 0-26.8-12-26.8-26.8s12-26.8 26.8-26.8 26.8 12 26.8 26.8zm76.1 27.2c-1.7-35.9-9.9-67.7-36.2-93.9-26.2-26.2-58-34.4-93.9-36.2-37-2.1-147.9-2.1-184.9 0-35.8 1.7-67.6 9.9-93.9 36.1s-34.4 58-36.2 93.9c-2.1 37-2.1 147.9 0 184.9 1.7 35.9 9.9 67.7 36.2 93.9s58 34.4 93.9 36.2c37 2.1 147.9 2.1 184.9 0 35.9-1.7 67.7-9.9 93.9-36.2 26.2-26.2 34.4-58 36.2-93.9 2.1-37 2.1-147.8 0-184.8zM398.8 388c-7.8 19.6-22.9 34.7-42.6 42.6-29.5 11.7-99.5 9-132.1 9s-102.7 2.6-132.1-9c-19.6-7.8-34.7-22.9-42.6-42.6-11.7-29.5-9-99.5-9-132.1s-2.6-102.7 9-132.1c7.8-19.6 22.9-34.7 42.6-42.6 29.5-11.7 99.5-9 132.1-9s102.7-2.6 132.1 9c19.6 7.8 34.7 22.9 42.6 42.6 11.7 29.5 9 99.5 9 132.1s2.7 102.7-9 132.1z\"><\/path><\/svg><\/span><\/div>\n\n\n\n<div class=\"wp-block-uagb-icon-list-child uagb-block-61abf6d8\"><a target=\"_blank\" aria-label=\"\u00c9l\u00e9ment de liste\" rel=\"noopener noreferrer\" href=\"https:\/\/www.facebook.com\/asfmetal\/\"> <\/a><span class=\"uagb-icon-list__source-wrap\"><svg xmlns=\"https:\/\/www.w3.org\/2000\/svg\" viewBox=\"0 0 320 512\"><path d=\"M279.1 288l14.22-92.66h-88.91v-60.13c0-25.35 12.42-50.06 52.24-50.06h40.42V6.26S260.4 0 225.4 0c-73.22 0-121.1 44.38-121.1 124.7v70.62H22.89V288h81.39v224h100.2V288z\"><\/path><\/svg><\/span><\/div>\n\n\n\n<div class=\"wp-block-uagb-icon-list-child uagb-block-c58c60fb\"><a target=\"_self\" aria-label=\"\u00c9l\u00e9ment de liste\" rel=\"noopener noreferrer\" href=\"#\"> <\/a><span class=\"uagb-icon-list__source-wrap\"><svg xmlns=\"https:\/\/www.w3.org\/2000\/svg\" viewBox=\"0 0 512 512\"><path d=\"M459.4 151.7c.325 4.548 .325 9.097 .325 13.65 0 138.7-105.6 298.6-298.6 298.6-59.45 0-114.7-17.22-161.1-47.11 8.447 .974 16.57 1.299 25.34 1.299 49.06 0 94.21-16.57 130.3-44.83-46.13-.975-84.79-31.19-98.11-72.77 6.498 .974 12.99 1.624 19.82 1.624 9.421 0 18.84-1.3 27.61-3.573-48.08-9.747-84.14-51.98-84.14-102.1v-1.299c13.97 7.797 30.21 12.67 47.43 13.32-28.26-18.84-46.78-51.01-46.78-87.39 0-19.49 5.197-37.36 14.29-52.95 51.65 63.67 129.3 105.3 216.4 109.8-1.624-7.797-2.599-15.92-2.599-24.04 0-57.83 46.78-104.9 104.9-104.9 30.21 0 57.5 12.67 76.67 33.14 23.72-4.548 46.46-13.32 66.6-25.34-7.798 24.37-24.37 44.83-46.13 57.83 21.12-2.273 41.58-8.122 60.43-16.24-14.29 20.79-32.16 39.31-52.63 54.25z\"><\/path><\/svg><\/span><\/div>\n\n\n\n<div class=\"wp-block-uagb-icon-list-child uagb-block-490336f5\"><a target=\"_self\" aria-label=\"\u00c9l\u00e9ment de liste\" rel=\"noopener noreferrer\" href=\"#\"> <\/a><span class=\"uagb-icon-list__source-wrap\"><svg xmlns=\"https:\/\/www.w3.org\/2000\/svg\" viewBox=\"0 0 576 512\"><path d=\"M549.7 124.1c-6.281-23.65-24.79-42.28-48.28-48.6C458.8 64 288 64 288 64S117.2 64 74.63 75.49c-23.5 6.322-42 24.95-48.28 48.6-11.41 42.87-11.41 132.3-11.41 132.3s0 89.44 11.41 132.3c6.281 23.65 24.79 41.5 48.28 47.82C117.2 448 288 448 288 448s170.8 0 213.4-11.49c23.5-6.321 42-24.17 48.28-47.82 11.41-42.87 11.41-132.3 11.41-132.3s0-89.44-11.41-132.3zm-317.5 213.5V175.2l142.7 81.21-142.7 81.2z\"><\/path><\/svg><\/span><\/div>\n<\/div><\/div>\n<\/div>\n\n\n\n<div class=\"wp-block-uagb-container uagb-block-76fb746d\">\n<div class=\"wp-block-uagb-advanced-heading uagb-block-c0824cd7\"><h3 class=\"uagb-heading-text\">Envoyer un message<\/h3><\/div>\n\n\n\n<div class=\"wp-block-uagb-forms uagb-forms__outer-wrap uagb-block-211f09dc uagb-forms__medium-btn\"><form class=\"uagb-forms-main-form\" method=\"post\" autocomplete=\"on\" name=\"uagb-form-211f09dc\">\n<div class=\"wp-block-uagb-forms-name uagb-forms-name-wrap uagb-forms-field-set uagb-block-0dff25cf\"><div class=\"uagb-forms-name-label required uagb-forms-input-label\" id=\"0dff25cf\">First Name<\/div><input type=\"text\" placeholder=\"Nom \/ Soci\u00e9t\u00e9\" required class=\"uagb-forms-name-input uagb-forms-input\" name=\"0dff25cf\" autocomplete=\"given-name\"\/><\/div>\n\n\n\n<div class=\"wp-block-uagb-forms-email uagb-forms-email-wrap uagb-forms-field-set uagb-block-2d0bd3fe\"><div class=\"uagb-forms-email-label  uagb-forms-input-label\" id=\"2d0bd3fe\">E-mail<\/div><input type=\"email\" class=\"uagb-forms-email-input uagb-forms-input\" placeholder=\"Email\" name=\"2d0bd3fe\" autocomplete=\"email\"\/><\/div>\n\n\n\n<div class=\"wp-block-uagb-forms-name uagb-forms-name-wrap uagb-forms-field-set uagb-block-d5245f3e\"><div class=\"uagb-forms-name-label required uagb-forms-input-label\" id=\"d5245f3e\">Last Name<\/div><input type=\"text\" placeholder=\"T\u00e9l\u00e9phone\" required class=\"uagb-forms-name-input uagb-forms-input\" name=\"d5245f3e\" autocomplete=\"off\"\/><\/div>\n\n\n\n<div class=\"wp-block-uagb-forms-textarea uagb-forms-textarea-wrap uagb-forms-field-set uagb-block-f07fe9e5\"><div class=\"uagb-forms-textarea-label required uagb-forms-input-label\" id=\"f07fe9e5\">Message<\/div><textarea required class=\"uagb-forms-textarea-input uagb-forms-input\" rows=\"4\" placeholder=\"Message\" name=\"f07fe9e5\" autocomplete=\"off\"><\/textarea><\/div>\n\n\n\n<div class=\"wp-block-uagb-forms-checkbox uagb-forms-checkbox-wrap uagb-forms-field-set uagb-block-34953dcf confidentialite\"><div class=\"uagb-forms-checkbox-label required uagb-forms-input-label\" id=\"34953dcf\">Titre de la case \u00e0 cocher<\/div><input type=\"checkbox\" class=\"uagb-forms-checkbox\" id=\"checkbox-en-soumettant-ce-formulaire,-j\u2019accepte-que-les-informations-saisies-dans-celui-ci-soient-utilis\u00e9es-pour-permettre-de-me-contacter,-afin-de-r\u00e9pondre-\u00e0-ma-demande,-puis-dans-le-cadre-de-l\u2019\u00e9ventuelle-relation-commerciale-qui-s\u2019ensuivra.-j'accepte-\u00e9galement-la-politique-de-confidentialit\u00e9.-34953dcf\" name=\"Titre de la case \u00e0 cocher[]\" value=\"En soumettant ce formulaire, j\u2019accepte que les informations saisies dans celui-ci soient utilis\u00e9es pour permettre de me contacter, afin de r\u00e9pondre \u00e0 ma demande, puis dans le cadre de l\u2019\u00e9ventuelle relation commerciale qui s\u2019ensuivra. J'accepte \u00e9galement la Politique de confidentialit\u00e9.\" required\/><label for=\"checkbox-en-soumettant-ce-formulaire,-j\u2019accepte-que-les-informations-saisies-dans-celui-ci-soient-utilis\u00e9es-pour-permettre-de-me-contacter,-afin-de-r\u00e9pondre-\u00e0-ma-demande,-puis-dans-le-cadre-de-l\u2019\u00e9ventuelle-relation-commerciale-qui-s\u2019ensuivra.-j'accepte-\u00e9galement-la-politique-de-confidentialit\u00e9.-34953dcf\">En soumettant ce formulaire, j\u2019accepte que les informations saisies dans celui-ci soient utilis\u00e9es pour permettre de me contacter, afin de r\u00e9pondre \u00e0 ma demande, puis dans le cadre de l\u2019\u00e9ventuelle relation commerciale qui s\u2019ensuivra. J&rsquo;accepte \u00e9galement la Politique de confidentialit\u00e9.<\/label><br\/><\/div>\n<div class=\"uagb-forms-form-hidden-data\"><input type=\"hidden\" class=\"uagb_forms_form_label\" value=\"Formulaire Spectra\"\/><input type=\"hidden\" class=\"uagb_forms_form_id\" value=\"uagb-form-211f09dc\"\/><\/div><div class=\"uagb-form-reacaptcha-error-211f09dc\"><\/div><div class=\"uagb-forms-main-submit-button-wrap wp-block-button\"><button class=\"uagb-forms-main-submit-button wp-block-button__link\"><div class=\"uagb-forms-main-submit-button-text\">Envoyer<\/div><\/button><\/div><\/form><div class=\"uagb-forms-success-message-211f09dc uagb-forms-submit-message-hide\"><span>Le formulaire a bien \u00e9t\u00e9 envoy\u00e9\u00a0!<\/span><\/div><div class=\"uagb-forms-failed-message-211f09dc uagb-forms-submit-message-hide\"><span>Une erreur s\u2019est produite lors de l\u2019envoi du formulaire. Veuillez v\u00e9rifier \u00e0 nouveau tous les champs du formulaire.<\/span><\/div><\/div>\n<\/div>\n<\/div><\/div>\n\n\n\n<div class=\"wp-block-uagb-container uagb-block-082221f4 alignfull uagb-is-root-container\">\t\t\t<div \n\t\t\tclass=\"wp-block-uagb-google-map uagb-google-map__wrap uagb-block-e1c73a0d     \"\n\t\t\tstyle=\"\" >\n\t\t\t\t<embed\n\t\t\t\t\tclass=\"uagb-google-map__iframe\"\n\t\t\t\t\ttitle=\"Google Map for \"\n\t\t\t\t\tsrc=\"https:\/\/maps.google.com\/maps?q=ASF%20M%C3%A9tal%20ZI%20du%20Pr%C3%A9%20Brenot%2C%20Chemin%20des%20Maurapans%2C%2025%20870%20Ch%C3%A2tillon-le-Duc&#038;z=11&#038;hl=fr&#038;t=m&#038;output=embed&#038;iwloc=near\"\n\t\t\t\t\twidth=\"640\"\n\t\t\t\t\theight=\"480\"\n\t\t\t\t\tloading=\"lazy\"\n\t\t\t\t><\/embed>\n\t\t\t<\/div>\n\t\t\t<\/div>\n","protected":false},"excerpt":{"rendered":"<p>Contact Vous avez un projet en t\u00eate ? Parlez-nous en ! Par t\u00e9l\u00e9phone, par email et bien s\u00fbr, dans nos locaux, il y a toujours un moyen de nous contacter pour parler de vos projets ! En ligne ou sur place Sur les r\u00e9seaux Envoyer un message<\/p>\n","protected":false},"author":1,"featured_media":0,"parent":0,"menu_order":0,"comment_status":"closed","ping_status":"closed","template":"","meta":{"_uag_custom_page_level_css":"","site-sidebar-layout":"default","site-content-layout":"page-builder","ast-site-content-layout":"full-width-container","site-content-style":"unboxed","site-sidebar-style":"unboxed","ast-global-header-display":"","ast-banner-title-visibility":"","ast-main-header-display":"","ast-hfb-above-header-display":"","ast-hfb-below-header-display":"","ast-hfb-mobile-header-display":"","site-post-title":"disabled","ast-breadcrumbs-content":"","ast-featured-img":"","footer-sml-layout":"","theme-transparent-header-meta":"enabled","adv-header-id-meta":"","stick-header-meta":"","header-above-stick-meta":"","header-main-stick-meta":"","header-below-stick-meta":"","astra-migrate-meta-layouts":"set","ast-page-background-enabled":"default","ast-page-background-meta":{"desktop":{"background-color":"","background-image":"","background-repeat":"repeat","background-position":"center center","background-size":"auto","background-attachment":"scroll","background-type":"","background-media":"","overlay-type":"","overlay-color":"","overlay-opacity":"","overlay-gradient":""},"tablet":{"background-color":"","background-image":"","background-repeat":"repeat","background-position":"center center","background-size":"auto","background-attachment":"scroll","background-type":"","background-media":"","overlay-type":"","overlay-color":"","overlay-opacity":"","overlay-gradient":""},"mobile":{"background-color":"","background-image":"","background-repeat":"repeat","background-position":"center center","background-size":"auto","background-attachment":"scroll","background-type":"","background-media":"","overlay-type":"","overlay-color":"","overlay-opacity":"","overlay-gradient":""}},"ast-content-background-meta":{"desktop":{"background-color":"var(--ast-global-color-5)","background-image":"","background-repeat":"repeat","background-position":"center center","background-size":"auto","background-attachment":"scroll","background-type":"","background-media":"","overlay-type":"","overlay-color":"","overlay-opacity":"","overlay-gradient":""},"tablet":{"background-color":"var(--ast-global-color-5)","background-image":"","background-repeat":"repeat","background-position":"center center","background-size":"auto","background-attachment":"scroll","background-type":"","background-media":"","overlay-type":"","overlay-color":"","overlay-opacity":"","overlay-gradient":""},"mobile":{"background-color":"var(--ast-global-color-5)","background-image":"","background-repeat":"repeat","background-position":"center center","background-size":"auto","background-attachment":"scroll","background-type":"","background-media":"","overlay-type":"","overlay-color":"","overlay-opacity":"","overlay-gradient":""}},"footnotes":""},"class_list":["post-411","page","type-page","status-publish","hentry"],"yoast_head":"<!-- This site is optimized with the Yoast SEO plugin v23.2 - https:\/\/yoast.com\/wordpress\/plugins\/seo\/ -->\n<title>Contact -<\/title>\n<meta name=\"robots\" content=\"noindex, follow, max-snippet:-1, max-image-preview:large, max-video-preview:-1\" \/>\n<meta property=\"og:locale\" content=\"fr_FR\" \/>\n<meta property=\"og:type\" content=\"article\" \/>\n<meta property=\"og:title\" content=\"Contact -\" \/>\n<meta property=\"og:description\" content=\"Contact Vous avez un projet en t\u00eate ? Parlez-nous en ! Par t\u00e9l\u00e9phone, par email et bien s\u00fbr, dans nos locaux, il y a toujours un moyen de nous contacter pour parler de vos projets ! En ligne ou sur place Sur les r\u00e9seaux Envoyer un message\" \/>\n<meta property=\"og:url\" content=\"https:\/\/www.studio.eklozia.fr\/asfmetal\/contact\/\" \/>\n<meta property=\"article:modified_time\" content=\"2024-08-19T14:35:00+00:00\" \/>\n<meta name=\"twitter:card\" content=\"summary_large_image\" \/>\n<meta name=\"twitter:label1\" content=\"Dur\u00e9e de lecture estim\u00e9e\" \/>\n\t<meta name=\"twitter:data1\" content=\"1 minute\" \/>\n<script type=\"application\/ld+json\" class=\"yoast-schema-graph\">{\"@context\":\"https:\/\/schema.org\",\"@graph\":[{\"@type\":\"WebPage\",\"@id\":\"https:\/\/www.studio.eklozia.fr\/asfmetal\/contact\/\",\"url\":\"https:\/\/www.studio.eklozia.fr\/asfmetal\/contact\/\",\"name\":\"Contact -\",\"isPartOf\":{\"@id\":\"https:\/\/www.studio.eklozia.fr\/asfmetal\/#website\"},\"datePublished\":\"2024-06-11T12:42:21+00:00\",\"dateModified\":\"2024-08-19T14:35:00+00:00\",\"breadcrumb\":{\"@id\":\"https:\/\/www.studio.eklozia.fr\/asfmetal\/contact\/#breadcrumb\"},\"inLanguage\":\"fr-FR\",\"potentialAction\":[{\"@type\":\"ReadAction\",\"target\":[\"https:\/\/www.studio.eklozia.fr\/asfmetal\/contact\/\"]}]},{\"@type\":\"BreadcrumbList\",\"@id\":\"https:\/\/www.studio.eklozia.fr\/asfmetal\/contact\/#breadcrumb\",\"itemListElement\":[{\"@type\":\"ListItem\",\"position\":1,\"name\":\"Accueil\",\"item\":\"https:\/\/www.studio.eklozia.fr\/asfmetal\/\"},{\"@type\":\"ListItem\",\"position\":2,\"name\":\"Contact\"}]},{\"@type\":\"WebSite\",\"@id\":\"https:\/\/www.studio.eklozia.fr\/asfmetal\/#website\",\"url\":\"https:\/\/www.studio.eklozia.fr\/asfmetal\/\",\"name\":\"\",\"description\":\"Agencement Serrurerie et Ferronerie \u00e0 Besan\u00e7on\",\"potentialAction\":[{\"@type\":\"SearchAction\",\"target\":{\"@type\":\"EntryPoint\",\"urlTemplate\":\"https:\/\/www.studio.eklozia.fr\/asfmetal\/?s={search_term_string}\"},\"query-input\":\"required name=search_term_string\"}],\"inLanguage\":\"fr-FR\"}]}<\/script>\n<!-- \/ Yoast SEO plugin. -->","yoast_head_json":{"title":"Contact -","robots":{"index":"noindex","follow":"follow","max-snippet":"max-snippet:-1","max-image-preview":"max-image-preview:large","max-video-preview":"max-video-preview:-1"},"og_locale":"fr_FR","og_type":"article","og_title":"Contact -","og_description":"Contact Vous avez un projet en t\u00eate ? Parlez-nous en ! Par t\u00e9l\u00e9phone, par email et bien s\u00fbr, dans nos locaux, il y a toujours un moyen de nous contacter pour parler de vos projets ! En ligne ou sur place Sur les r\u00e9seaux Envoyer un message","og_url":"https:\/\/www.studio.eklozia.fr\/asfmetal\/contact\/","article_modified_time":"2024-08-19T14:35:00+00:00","twitter_card":"summary_large_image","twitter_misc":{"Dur\u00e9e de lecture estim\u00e9e":"1 minute"},"schema":{"@context":"https:\/\/schema.org","@graph":[{"@type":"WebPage","@id":"https:\/\/www.studio.eklozia.fr\/asfmetal\/contact\/","url":"https:\/\/www.studio.eklozia.fr\/asfmetal\/contact\/","name":"Contact -","isPartOf":{"@id":"https:\/\/www.studio.eklozia.fr\/asfmetal\/#website"},"datePublished":"2024-06-11T12:42:21+00:00","dateModified":"2024-08-19T14:35:00+00:00","breadcrumb":{"@id":"https:\/\/www.studio.eklozia.fr\/asfmetal\/contact\/#breadcrumb"},"inLanguage":"fr-FR","potentialAction":[{"@type":"ReadAction","target":["https:\/\/www.studio.eklozia.fr\/asfmetal\/contact\/"]}]},{"@type":"BreadcrumbList","@id":"https:\/\/www.studio.eklozia.fr\/asfmetal\/contact\/#breadcrumb","itemListElement":[{"@type":"ListItem","position":1,"name":"Accueil","item":"https:\/\/www.studio.eklozia.fr\/asfmetal\/"},{"@type":"ListItem","position":2,"name":"Contact"}]},{"@type":"WebSite","@id":"https:\/\/www.studio.eklozia.fr\/asfmetal\/#website","url":"https:\/\/www.studio.eklozia.fr\/asfmetal\/","name":"","description":"Agencement Serrurerie et Ferronerie \u00e0 Besan\u00e7on","potentialAction":[{"@type":"SearchAction","target":{"@type":"EntryPoint","urlTemplate":"https:\/\/www.studio.eklozia.fr\/asfmetal\/?s={search_term_string}"},"query-input":"required name=search_term_string"}],"inLanguage":"fr-FR"}]}},"uagb_featured_image_src":{"full":false,"thumbnail":false,"medium":false,"medium_large":false,"large":false,"1536x1536":false,"2048x2048":false},"uagb_author_info":{"display_name":"Lydie","author_link":"https:\/\/www.studio.eklozia.fr\/asfmetal\/author\/lydie\/"},"uagb_comment_info":0,"uagb_excerpt":"Contact Vous avez un projet en t\u00eate ? Parlez-nous en ! Par t\u00e9l\u00e9phone, par email et bien s\u00fbr, dans nos locaux, il y a toujours un moyen de nous contacter pour parler de vos projets ! En ligne ou sur place Sur les r\u00e9seaux Envoyer un message","_links":{"self":[{"href":"https:\/\/www.studio.eklozia.fr\/asfmetal\/wp-json\/wp\/v2\/pages\/411","targetHints":{"allow":["GET"]}}],"collection":[{"href":"https:\/\/www.studio.eklozia.fr\/asfmetal\/wp-json\/wp\/v2\/pages"}],"about":[{"href":"https:\/\/www.studio.eklozia.fr\/asfmetal\/wp-json\/wp\/v2\/types\/page"}],"author":[{"embeddable":true,"href":"https:\/\/www.studio.eklozia.fr\/asfmetal\/wp-json\/wp\/v2\/users\/1"}],"replies":[{"embeddable":true,"href":"https:\/\/www.studio.eklozia.fr\/asfmetal\/wp-json\/wp\/v2\/comments?post=411"}],"version-history":[{"count":9,"href":"https:\/\/www.studio.eklozia.fr\/asfmetal\/wp-json\/wp\/v2\/pages\/411\/revisions"}],"predecessor-version":[{"id":1597,"href":"https:\/\/www.studio.eklozia.fr\/asfmetal\/wp-json\/wp\/v2\/pages\/411\/revisions\/1597"}],"wp:attachment":[{"href":"https:\/\/www.studio.eklozia.fr\/asfmetal\/wp-json\/wp\/v2\/media?parent=411"}],"curies":[{"name":"wp","href":"https:\/\/api.w.org\/{rel}","templated":true}]}}