{"id":273464,"date":"2026-05-01T15:45:35","date_gmt":"2026-05-01T15:45:35","guid":{"rendered":"https:\/\/www.studio.eklozia.fr\/bocauxco\/?page_id=273464"},"modified":"2026-05-01T16:10:48","modified_gmt":"2026-05-01T16:10:48","slug":"mentions-legales","status":"publish","type":"page","link":"https:\/\/www.studio.eklozia.fr\/bocauxco\/mentions-legales\/","title":{"rendered":"Mentions l\u00e9gales"},"content":{"rendered":"<p>[et_pb_section fb_built=\u00a0\u00bb1&Prime; custom_padding_last_edited=\u00a0\u00bbon|phone\u00a0\u00bb _builder_version=\u00a0\u00bb4.27.4&Prime; _module_preset=\u00a0\u00bbdefault\u00a0\u00bb custom_margin_last_edited=\u00a0\u00bboff|desktop\u00a0\u00bb custom_padding_tablet=\u00a0\u00bb180px||||false|false\u00a0\u00bb custom_padding_phone=\u00a0\u00bb180px||||false|false\u00a0\u00bb da_disable_devices=\u00a0\u00bboff|off|off\u00a0\u00bb global_colors_info=\u00a0\u00bb{}\u00a0\u00bb theme_builder_area=\u00a0\u00bbpost_content\u00a0\u00bb da_is_popup=\u00a0\u00bboff\u00a0\u00bb da_exit_intent=\u00a0\u00bboff\u00a0\u00bb da_has_close=\u00a0\u00bbon\u00a0\u00bb da_alt_close=\u00a0\u00bboff\u00a0\u00bb da_dark_close=\u00a0\u00bboff\u00a0\u00bb da_not_modal=\u00a0\u00bbon\u00a0\u00bb da_is_singular=\u00a0\u00bboff\u00a0\u00bb da_with_loader=\u00a0\u00bboff\u00a0\u00bb da_has_shadow=\u00a0\u00bbon\u00a0\u00bb][et_pb_row _builder_version=\u00a0\u00bb4.27.4&Prime; _module_preset=\u00a0\u00bbdefault\u00a0\u00bb global_colors_info=\u00a0\u00bb{}\u00a0\u00bb theme_builder_area=\u00a0\u00bbpost_content\u00a0\u00bb][et_pb_column type=\u00a0\u00bb4_4&Prime; _builder_version=\u00a0\u00bb4.27.4&Prime; _module_preset=\u00a0\u00bbdefault\u00a0\u00bb global_colors_info=\u00a0\u00bb{}\u00a0\u00bb theme_builder_area=\u00a0\u00bbpost_content\u00a0\u00bb][et_pb_text _builder_version=\u00a0\u00bb4.27.6&Prime; _module_preset=\u00a0\u00bbdefault\u00a0\u00bb header_font_size=\u00a0\u00bb50px\u00a0\u00bb header_2_font_size=\u00a0\u00bb34px\u00a0\u00bb hover_enabled=\u00a0\u00bb0&Prime; header_font_size_tablet=\u00a0\u00bb45px\u00a0\u00bb header_font_size_phone=\u00a0\u00bb33px\u00a0\u00bb header_font_size_last_edited=\u00a0\u00bbon|tablet\u00a0\u00bb header_2_font_size_tablet=\u00a0\u00bb30px\u00a0\u00bb header_2_font_size_phone=\u00a0\u00bb28px\u00a0\u00bb global_colors_info=\u00a0\u00bb{}\u00a0\u00bb theme_builder_area=\u00a0\u00bbpost_content\u00a0\u00bb custom_css_free_form=\u00a0\u00bb.nospam { display: none !important; font-size: 0; overflow: hidden; position: absolute; opacity: 0;}\u00a0\u00bb sticky_enabled=\u00a0\u00bb0&Prime;]<\/p>\n<h1>Mentions l\u00e9gales<\/h1>\n<p>Conform\u00e9ment aux dispositions de la loi n\u00b0 2004-575 du 21 juin 2004 pour la confiance en l&rsquo;\u00e9conomie num\u00e9rique, les informations suivantes sont port\u00e9es \u00e0 la connaissance des utilisateurs du site bocaux&amp;co.<\/p>\n<p>&nbsp;<\/p>\n<h2>\u00c9diteur du site<\/h2>\n<p>Le pr\u00e9sent site, accessible \u00e0 l&rsquo;adresse <a href=\"https:\/\/bocaux-and-co.fr\" rel=\"nofollow noopener\" target=\"_blank\">https:\/\/bocaux-and-co.fr<\/a> (ci-apr\u00e8s \u00ab le Site \u00bb), est \u00e9dit\u00e9 par :<\/p>\n<p><strong>Association de pr\u00e9figuration Bocaux &amp; Co<\/strong><br \/>\nEnregistr\u00e9e aupr\u00e8s de la pr\u00e9fecture de C\u00f4te-d&rsquo;Or (21) sous le num\u00e9ro <strong>W212013692<\/strong><br \/>\nSIREN : 898 395 843<br \/>\nSi\u00e8ge social : 104 rue de Chenove, 21000 Dijon<br \/>\nRepr\u00e9sent\u00e9e par Catherine Ruppli, d\u00fbment habilit\u00e9e<\/p>\n<h2>R\u00e9alisation<\/h2>\n<p>Le site a \u00e9t\u00e9 con\u00e7u et d\u00e9velopp\u00e9 par <strong>Studio Eklozia<\/strong> \u2014 Lydie Boffy, entrepreneur individuel.<br \/>\nSIREN : 752 840 611 \u2014 SIRET : 752 840 611 00046<br \/>\nActivit\u00e9 : Conseil en relations publiques et communication (code APE 70.21Z)<br \/>\nNum\u00e9ro de TVA intracommunautaire : FR35752840611<\/p>\n<h2>H\u00e9bergement<\/h2>\n<p>Le Site est h\u00e9berg\u00e9 par :<br \/>\n<strong>Infomaniak Network SA<\/strong><br \/>\nRue Eug\u00e8ne-Marziano 25, 1227 Gen\u00e8ve, Suisse<br \/>\nT\u00e9l. : (+41) 22 820 35 44 \u2014 <a href=\"https:\/\/www.infomaniak.com\" target=\"_blank\" rel=\"noopener nofollow\">www.infomaniak.com<\/a><\/p>\n<h2>Nous contacter<\/h2>\n<p>Par t\u00e9l\u00e9phone : +33 7 49 83 35 84<br \/>\nPar email : contact<span class=\"nospam\" aria-hidden=\"true\">NOSPAM-INVALID<\/span>@bocaux-and-co.fr<br \/>\nPar courrier (si\u00e8ge social) : 104 rue de Chenove, 21000 Dijon<br \/>\nPar courrier (contact) : 9 rue Maurice Ravel, 21000 Dijon<\/p>\n<h2>Propri\u00e9t\u00e9 intellectuelle<\/h2>\n<p>L&rsquo;ensemble des contenus pr\u00e9sents sur le Site (textes, images, graphismes, logo, ic\u00f4nes, sons, logiciels\u2026) est la propri\u00e9t\u00e9 exclusive de l&rsquo;association Bocaux &amp; Co ou de ses partenaires, et est prot\u00e9g\u00e9 par les lois fran\u00e7aises et internationales relatives \u00e0 la propri\u00e9t\u00e9 intellectuelle.<\/p>\n<p>Toute reproduction, repr\u00e9sentation, modification, publication ou adaptation de tout ou partie des \u00e9l\u00e9ments du Site, quel que soit le moyen ou le proc\u00e9d\u00e9 utilis\u00e9, est interdite sans autorisation \u00e9crite pr\u00e9alable de l&rsquo;\u00e9diteur.<\/p>\n<h2>Responsabilit\u00e9<\/h2>\n<p>L&rsquo;\u00e9diteur s&rsquo;efforce d&rsquo;assurer l&rsquo;exactitude et la mise \u00e0 jour des informations publi\u00e9es sur le Site. Il ne peut toutefois garantir l&rsquo;exactitude, la pr\u00e9cision ou l&rsquo;exhaustivit\u00e9 des informations mises \u00e0 disposition. En cons\u00e9quence, l&rsquo;\u00e9diteur d\u00e9cline toute responsabilit\u00e9 pour toute impr\u00e9cision, inexactitude ou omission portant sur des informations disponibles sur le Site.<\/p>\n<p>&nbsp;<\/p>\n<hr \/>\n<h2><\/h2>\n<h2>CGU \u2014 WebAppli \u00ab ramenez-moi \u00bb<\/h2>\n<p><em>En vigueur \u00e0 compter du 1er juin 2022<\/em><\/p>\n<p>Les pr\u00e9sentes conditions g\u00e9n\u00e9rales r\u00e9gissent l&rsquo;utilisation de la WebAppli \u00ab ramenez-moi \u00bb, accessible \u00e0 l&rsquo;adresse <a href=\"https:\/\/www.bocaux-and-co.fr\" rel=\"nofollow noopener\" target=\"_blank\">https:\/\/www.bocaux-and-co.fr<\/a>. Tout utilisateur d\u00e9clare avoir pris connaissance et accept\u00e9 ces conditions pour toute utilisation de la WebAppli.<\/p>\n<h2>\u00c9diteur<\/h2>\n<p>Association bocaux&amp;co \u2014 SIREN : 898 395 843<br \/>\n104 rue de Chenove, 21000 Dijon<br \/>\nEmail : ramenezmoi<span class=\"nospam\" aria-hidden=\"true\">NOSPAM-INVALID<\/span>@bocaux-and-co.fr<\/p>\n<h2>Service<\/h2>\n<p>La mission de bocaux&amp;co est d&rsquo;accompagner les restaurateurs pour r\u00e9duire les emballages jetables de la restauration \u00e0 emporter, en facilitant l&rsquo;adoption de gestes durables par la mise en place d&rsquo;une consigne mutualis\u00e9e.<\/p>\n<p>La WebAppli \u00ab ramenez-moi \u00bb permet :<\/p>\n<ul>\n<li>\u00e0 tous les utilisateurs de d\u00e9couvrir les partenaires z\u00e9ro-d\u00e9chet du r\u00e9seau \u00ab ramenez-moi \u00bb ;<\/li>\n<li>\u00e0 tout utilisateur de recourir, au choix, \u00e0 un contenant r\u00e9utilisable consign\u00e9 mis \u00e0 disposition chez les partenaires, ou \u00e0 son propre contenant, sous r\u00e9serve qu&rsquo;il soit propre et apte au contact alimentaire ;<\/li>\n<li>de cumuler des points \u00e0 chaque utilisation d&rsquo;un contenant r\u00e9utilisable chez un commer\u00e7ant partenaire \u2014 au bout de 10 points, l&rsquo;utilisateur acc\u00e8de \u00e0 des offres sp\u00e9ciales ;<\/li>\n<li>aux professionnels du r\u00e9seau de b\u00e9n\u00e9ficier de services d\u00e9di\u00e9s : gestion de la consigne non mon\u00e9taris\u00e9e, livraison \u00e0 v\u00e9lo, suivi des stocks, mesure de l&rsquo;impact environnemental.<\/li>\n<\/ul>\n<h2>Disponibilit\u00e9<\/h2>\n<p>La WebAppli est accessible 24h\/24 et 7j\/7, sauf cas de force majeure ou \u00e9v\u00e9nement hors du contr\u00f4le de bocaux&amp;co, et sous r\u00e9serve des interruptions n\u00e9cessaires \u00e0 la maintenance.<\/p>\n<h2>Modalit\u00e9s d&rsquo;utilisation<\/h2>\n<p>Le gain de points est limit\u00e9 \u00e0 1 point par repas, par partenaire et par demi-journ\u00e9e.<\/p>\n<p>Les offres sp\u00e9ciales sont valables d\u00e8s confirmation du partenaire sur la WebAppli et sous r\u00e9serve de disponibilit\u00e9. Elles ne sont pas cumulables et doivent \u00eatre utilis\u00e9es en compl\u00e9ment d&rsquo;un achat chez le partenaire. Ni bocaux&amp;co ni le partenaire ne sauraient \u00eatre tenus responsables en cas de stock insuffisant.<\/p>\n<p>Dans le cadre d&rsquo;un remplissage, l&rsquo;utilisateur s&rsquo;engage \u00e0 venir avec un contenant propre et apte au contact alimentaire. Le partenaire peut refuser de servir dans un contenant jug\u00e9 non conforme. La responsabilit\u00e9 du partenaire s&rsquo;arr\u00eate au moment o\u00f9 le repas est remis \u00e0 l&rsquo;utilisateur.<\/p>\n<h2>Propri\u00e9t\u00e9 intellectuelle<\/h2>\n<p>La d\u00e9nomination \u00ab ramenez-moi \u00bb est une marque d\u00e9pos\u00e9e, propri\u00e9t\u00e9 exclusive de l&rsquo;association <strong>IMPEC<\/strong> (Initiative pour la Mutualisation et la Promotion des Emballages Consign\u00e9s) \u2014 SIRET 899 522 635 00015, RCS Clermont-Ferrand, 21 rue Kessler, 63000 Clermont-Ferrand (collec<span class=\"nospam\" aria-hidden=\"true\">NOSPAM-INVALID<\/span>tif.impec@gmail.com).<\/p>\n<p>Toute reproduction ou d\u00e9tournement des \u00e9l\u00e9ments constituant cette marque ou la WebAppli est interdit sans accord \u00e9crit pr\u00e9alable de l&rsquo;\u00e9diteur de la marque.[\/et_pb_text][\/et_pb_column][\/et_pb_row][\/et_pb_section]<\/p>\n","protected":false},"excerpt":{"rendered":"<p>Mentions l\u00e9gales Conform\u00e9ment aux dispositions de la loi n\u00b0 2004-575 du 21 juin 2004 pour la confiance en l&rsquo;\u00e9conomie num\u00e9rique, les informations suivantes sont port\u00e9es \u00e0 la connaissance des utilisateurs du site bocaux&amp;co. &nbsp; \u00c9diteur du site Le pr\u00e9sent site, accessible \u00e0 l&rsquo;adresse https:\/\/bocaux-and-co.fr (ci-apr\u00e8s \u00ab le Site \u00bb), est \u00e9dit\u00e9 par : Association de pr\u00e9figuration Bocaux &amp; Co Enregistr\u00e9e aupr\u00e8s de la pr\u00e9fecture de C\u00f4te-d&rsquo;Or (21) sous le num\u00e9ro W212013692 SIREN : 898 395 843 Si\u00e8ge social : 104 rue de Chenove, 21000 Dijon Repr\u00e9sent\u00e9e par Catherine Ruppli, d\u00fbment habilit\u00e9e R\u00e9alisation Le site a \u00e9t\u00e9 con\u00e7u et d\u00e9velopp\u00e9 par Studio Eklozia \u2014 Lydie Boffy, entrepreneur individuel. SIREN : 752 840 611 \u2014 SIRET : 752 840 611 00046 Activit\u00e9 : Conseil en relations publiques et communication (code APE 70.21Z) Num\u00e9ro de TVA intracommunautaire : FR35752840611 H\u00e9bergement Le Site est h\u00e9berg\u00e9 par : Infomaniak Network SA Rue Eug\u00e8ne-Marziano 25, 1227 Gen\u00e8ve, Suisse T\u00e9l. : (+41) 22 820 35 44 \u2014 www.infomaniak.com Nous contacter Par t\u00e9l\u00e9phone : +33 7 49 83 35 84 Par email : contactNOSPAM-INVALID@bocaux-and-co.fr Par courrier (si\u00e8ge social) : 104 rue de Chenove, 21000 Dijon Par courrier (contact) : 9 rue Maurice Ravel, 21000 Dijon Propri\u00e9t\u00e9 intellectuelle L&rsquo;ensemble [&hellip;]<\/p>\n","protected":false},"author":1,"featured_media":0,"parent":0,"menu_order":0,"comment_status":"closed","ping_status":"closed","template":"","meta":{"_acf_changed":false,"_et_pb_use_builder":"on","_et_pb_old_content":"","_et_gb_content_width":"","footnotes":""},"class_list":["post-273464","page","type-page","status-publish","hentry"],"acf":[],"_links":{"self":[{"href":"https:\/\/www.studio.eklozia.fr\/bocauxco\/wp-json\/wp\/v2\/pages\/273464","targetHints":{"allow":["GET"]}}],"collection":[{"href":"https:\/\/www.studio.eklozia.fr\/bocauxco\/wp-json\/wp\/v2\/pages"}],"about":[{"href":"https:\/\/www.studio.eklozia.fr\/bocauxco\/wp-json\/wp\/v2\/types\/page"}],"author":[{"embeddable":true,"href":"https:\/\/www.studio.eklozia.fr\/bocauxco\/wp-json\/wp\/v2\/users\/1"}],"replies":[{"embeddable":true,"href":"https:\/\/www.studio.eklozia.fr\/bocauxco\/wp-json\/wp\/v2\/comments?post=273464"}],"version-history":[{"count":5,"href":"https:\/\/www.studio.eklozia.fr\/bocauxco\/wp-json\/wp\/v2\/pages\/273464\/revisions"}],"predecessor-version":[{"id":273471,"href":"https:\/\/www.studio.eklozia.fr\/bocauxco\/wp-json\/wp\/v2\/pages\/273464\/revisions\/273471"}],"wp:attachment":[{"href":"https:\/\/www.studio.eklozia.fr\/bocauxco\/wp-json\/wp\/v2\/media?parent=273464"}],"curies":[{"name":"wp","href":"https:\/\/api.w.org\/{rel}","templated":true}]}}